{"id":246,"date":"2012-07-19T13:50:23","date_gmt":"2012-07-19T13:50:23","guid":{"rendered":"http:\/\/www.guianf.com.br\/?page_id=246"},"modified":"2024-10-09T23:11:21","modified_gmt":"2024-10-10T02:11:21","slug":"relacao-de-empresas","status":"publish","type":"page","link":"https:\/\/guianf.com.br\/empregos\/relacao-de-empresas\/","title":{"rendered":"Rela\u00e7\u00e3o de Empresas"},"content":{"rendered":"<p>\u00a0<\/p>\n<p>Criamos uma rela\u00e7\u00e3o de empresas com seus endere\u00e7os, telefones e e-mails para contato e envio de curr\u00edculos.<\/p>\n<p>S\u00e3o empresas de diversas atividades do setor Offshore e Onshore da regi\u00e3o Norte Fluminense, principalmente de Campos, Maca\u00e9 e Porto do A\u00e7u (S\u00e3o Jo\u00e3o da Barra).<\/p>\n<p>Estamos sempre buscando e atualizando os contatos da empresas.<\/p>\n<p>\u00a0<\/p>\n<p><strong>Rela\u00e7\u00e3o de Empresas:<\/strong><\/p>\n<ul>\n<li><a href=\"https:\/\/guianf.com.br\/empregos\/relacao-de-empresas\/macae\/\"><strong>Maca\u00e9<\/strong><\/a><\/li>\n<li>Campos dos Goytacazes &#8211; em Breve<\/li>\n<li>S\u00e3o Jo\u00e3o da Barra (\u00a0Porto do A\u00e7\u00fa )\u00a0&#8211; em Breve<\/li>\n<\/ul>\n\n\n<p><\/p>\n","protected":false},"excerpt":{"rendered":"<p>\u00a0 Criamos uma rela\u00e7\u00e3o de empresas com seus endere\u00e7os, telefones e e-mails para contato e envio de curr\u00edculos. S\u00e3o empresas [&hellip;]<\/p>\n","protected":false},"author":2,"featured_media":0,"parent":0,"menu_order":3,"comment_status":"open","ping_status":"closed","template":"","meta":{"site-sidebar-layout":"default","site-content-layout":"default","ast-site-content-layout":"default","site-content-style":"default","site-sidebar-style":"default","ast-global-header-display":"","ast-banner-title-visibility":"","ast-main-header-display":"","ast-hfb-above-header-display":"","ast-hfb-below-header-display":"","ast-hfb-mobile-header-display":"","site-post-title":"","ast-breadcrumbs-content":"","ast-featured-img":"","footer-sml-layout":"","ast-disable-related-posts":"","theme-transparent-header-meta":"default","adv-header-id-meta":"","stick-header-meta":"","header-above-stick-meta":"","header-main-stick-meta":"","header-below-stick-meta":"","astra-migrate-meta-layouts":"default","ast-page-background-enabled":"default","ast-page-background-meta":{"desktop":{"background-color":"var(--ast-global-color-4)","background-image":"","background-repeat":"repeat","background-position":"center center","background-size":"auto","background-attachment":"scroll","background-type":"","background-media":"","overlay-type":"","overlay-color":"","overlay-opacity":"","overlay-gradient":""},"tablet":{"background-color":"","background-image":"","background-repeat":"repeat","background-position":"center center","background-size":"auto","background-attachment":"scroll","background-type":"","background-media":"","overlay-type":"","overlay-color":"","overlay-opacity":"","overlay-gradient":""},"mobile":{"background-color":"","background-image":"","background-repeat":"repeat","background-position":"center center","background-size":"auto","background-attachment":"scroll","background-type":"","background-media":"","overlay-type":"","overlay-color":"","overlay-opacity":"","overlay-gradient":""}},"ast-content-background-meta":{"desktop":{"background-color":"var(--ast-global-color-5)","background-image":"","background-repeat":"repeat","background-position":"center center","background-size":"auto","background-attachment":"scroll","background-type":"","background-media":"","overlay-type":"","overlay-color":"","overlay-opacity":"","overlay-gradient":""},"tablet":{"background-color":"var(--ast-global-color-5)","background-image":"","background-repeat":"repeat","background-position":"center center","background-size":"auto","background-attachment":"scroll","background-type":"","background-media":"","overlay-type":"","overlay-color":"","overlay-opacity":"","overlay-gradient":""},"mobile":{"background-color":"var(--ast-global-color-5)","background-image":"","background-repeat":"repeat","background-position":"center center","background-size":"auto","background-attachment":"scroll","background-type":"","background-media":"","overlay-type":"","overlay-color":"","overlay-opacity":"","overlay-gradient":""}},"footnotes":""},"class_list":["post-246","page","type-page","status-publish","hentry"],"_links":{"self":[{"href":"https:\/\/guianf.com.br\/empregos\/wp-json\/wp\/v2\/pages\/246","targetHints":{"allow":["GET"]}}],"collection":[{"href":"https:\/\/guianf.com.br\/empregos\/wp-json\/wp\/v2\/pages"}],"about":[{"href":"https:\/\/guianf.com.br\/empregos\/wp-json\/wp\/v2\/types\/page"}],"author":[{"embeddable":true,"href":"https:\/\/guianf.com.br\/empregos\/wp-json\/wp\/v2\/users\/2"}],"replies":[{"embeddable":true,"href":"https:\/\/guianf.com.br\/empregos\/wp-json\/wp\/v2\/comments?post=246"}],"version-history":[{"count":1,"href":"https:\/\/guianf.com.br\/empregos\/wp-json\/wp\/v2\/pages\/246\/revisions"}],"predecessor-version":[{"id":7345,"href":"https:\/\/guianf.com.br\/empregos\/wp-json\/wp\/v2\/pages\/246\/revisions\/7345"}],"wp:attachment":[{"href":"https:\/\/guianf.com.br\/empregos\/wp-json\/wp\/v2\/media?parent=246"}],"curies":[{"name":"wp","href":"https:\/\/api.w.org\/{rel}","templated":true}]}}