{"id":283,"date":"2012-07-19T14:03:30","date_gmt":"2012-07-19T17:03:30","guid":{"rendered":"http:\/\/www.guianf.com.br\/?page_id=283"},"modified":"2025-02-17T09:43:13","modified_gmt":"2025-02-17T12:43:13","slug":"empresas-de-macae","status":"publish","type":"page","link":"https:\/\/guianf.com.br\/empregos\/relacao-de-empresas\/empresas-de-macae\/","title":{"rendered":"Empresas de Maca\u00e9"},"content":{"rendered":"\n<p><strong>Rela\u00e7\u00e3o de Empresas em Maca\u00e9 \/ RJ<\/strong><\/p>\n\n\n\n<p>Aqui est\u00e1 a lista de empresas de Maca\u00e9\/RJ, com endere\u00e7os e sites:<\/p>\n\n\n\n<hr class=\"wp-block-separator has-alpha-channel-opacity\"\/>\n\n\n\n<h3 class=\"wp-block-heading\"><strong>Lista de Empresas de Maca\u00e9\/RJ<\/strong><\/h3>\n\n\n\n<ol class=\"wp-block-list\">\n<li><strong>ABB Vecto Gray<\/strong>\n<ul class=\"wp-block-list\">\n<li><strong>Segmento:<\/strong> Automa\u00e7\u00e3o industrial e energia<\/li>\n\n\n\n<li><strong>Endere\u00e7o:<\/strong> Estrada de Fazenda S\u00e3o Jos\u00e9 do Mutum, 200 \u2013 Imboassica, Maca\u00e9\/RJ<\/li>\n\n\n\n<li><strong>Telefone:<\/strong> (22) 2763-3500 \/ 2763-3515<\/li>\n\n\n\n<li><strong>Site:<\/strong> <a href=\"https:\/\/www.abb.com\/\">www.abb.com<\/a><br><\/li>\n<\/ul>\n<\/li>\n\n\n\n<li><strong>Alocam<\/strong>\n<ul class=\"wp-block-list\">\n<li><strong>Segmento:<\/strong> Loca\u00e7\u00e3o de equipamentos industriais<\/li>\n\n\n\n<li><strong>Endere\u00e7o:<\/strong> Rua 03, Lote 17 \u2013 Quadra B \u2013 Parque de Tubos \u2013 Imboassica, Maca\u00e9\/RJ<\/li>\n\n\n\n<li><strong>Telefone:<\/strong> (22) 2773-1157<\/li>\n\n\n\n<li><strong>Site:<\/strong> <a href=\"https:\/\/www.alocam.com.br\/\">www.alocam.com.br<\/a><br><\/li>\n<\/ul>\n<\/li>\n\n\n\n<li><strong>Aggreko Brasil Ltda<\/strong>\n<ul class=\"wp-block-list\">\n<li><strong>Segmento:<\/strong> Solu\u00e7\u00f5es tempor\u00e1rias de energia e controle de temperatura<\/li>\n\n\n\n<li><strong>Endere\u00e7o:<\/strong> Avenida S1, 123 \u2013 Granja dos Cavaleiros, Maca\u00e9\/RJ<\/li>\n\n\n\n<li><strong>Telefone:<\/strong> (22) 2796-8750<\/li>\n\n\n\n<li><strong>Site:<\/strong> <a href=\"https:\/\/www.aggreko.com\/\">www.aggreko.com<\/a><br><\/li>\n<\/ul>\n<\/li>\n\n\n\n<li><strong>Alphatec Engenharia e Inspe\u00e7\u00f5es<\/strong>\n<ul class=\"wp-block-list\">\n<li><strong>Segmento:<\/strong> Inspe\u00e7\u00e3o industrial e engenharia<\/li>\n\n\n\n<li><strong>Endere\u00e7o:<\/strong> Avenida W 02, 176 \u2013 Lagomar, Maca\u00e9\/RJ<\/li>\n\n\n\n<li><strong>Telefone:<\/strong> (22) 2773-0009 \/ 2773-1002<\/li>\n\n\n\n<li><strong>Site:<\/strong> <a href=\"https:\/\/www.alphatec.com.br\/\">www.alphatec.com.br<\/a><\/li>\n<\/ul>\n<\/li>\n\n\n\n<li><strong>Aibel<\/strong>\n<ul class=\"wp-block-list\">\n<li><strong>Segmento:<\/strong> Engenharia e constru\u00e7\u00e3o de sistemas de energia e \u00f3leo e g\u00e1s<\/li>\n\n\n\n<li><strong>Endere\u00e7o:<\/strong> Rodovia Amaral Peixoto, 180 \u2013 Km 167 \u2013 Imboassica, Maca\u00e9\/RJ<\/li>\n\n\n\n<li><strong>Telefone:<\/strong> (22) 2796-8501 \/ 8502 \/ 8463<\/li>\n\n\n\n<li><strong>Site:<\/strong> <a href=\"https:\/\/www.aibel.com\/\">www.aibel.com<\/a><\/li>\n<\/ul>\n<\/li>\n\n\n\n<li><strong>A.M. Supply<\/strong>\n<ul class=\"wp-block-list\">\n<li><strong>Segmento:<\/strong> Fornecimento de materiais para o setor de \u00f3leo e g\u00e1s<\/li>\n\n\n\n<li><strong>Endere\u00e7o:<\/strong> Rua R-7, n\u00ba 62 A \u2013 Prolongamento Novo Cavaleiros, Maca\u00e9\/RJ<\/li>\n\n\n\n<li><strong>Telefone:<\/strong> (22) 2765-7766<\/li>\n\n\n\n<li><strong>Site:<\/strong> <a href=\"https:\/\/www.amsupply.com.br\/\">www.amsupply.com.br<\/a><\/li>\n<\/ul>\n<\/li>\n\n\n\n<li><strong>Atlam<\/strong>\n<ul class=\"wp-block-list\">\n<li><strong>Segmento:<\/strong> Manuten\u00e7\u00e3o industrial<\/li>\n\n\n\n<li><strong>Endere\u00e7o:<\/strong> Rua Francisco Mendon\u00e7a, 256 \u2013 Parque Valentina Miranda, Maca\u00e9\/RJ<\/li>\n\n\n\n<li><strong>Telefone:<\/strong> (22) 2772-4075 \/ 2772-3024<\/li>\n\n\n\n<li><strong>Site:<\/strong> <a href=\"https:\/\/www.atlam.com.br\/\">www.atlam.com.br<\/a><\/li>\n<\/ul>\n<\/li>\n\n\n\n<li><strong>Atl\u00e2ntica Catering Supplies<\/strong>\n<ul class=\"wp-block-list\">\n<li><strong>Segmento:<\/strong> Fornecimento de catering para empresas offshore<\/li>\n\n\n\n<li><strong>Endere\u00e7o:<\/strong> Rua Jos\u00e9 Cir\u00edaco J\u00fanior, 68 \u2013 Praia Campista, Maca\u00e9\/RJ<\/li>\n\n\n\n<li><strong>Telefone:<\/strong> (22) 2772-4711<\/li>\n\n\n\n<li><strong>Site:<\/strong> <a href=\"https:\/\/www.atlantica.com.br\/\">www.atlantica.com.br<\/a><\/li>\n<\/ul>\n<\/li>\n\n\n\n<li><strong>Baker Hughes do Brasil Ltda.<\/strong>\n<ul class=\"wp-block-list\">\n<li><strong>Segmento:<\/strong> Servi\u00e7os e produtos para o setor de energia, especialmente \u00f3leo e g\u00e1s<\/li>\n\n\n\n<li><strong>Endere\u00e7o:<\/strong> Rodovia Amaral Peixoto, 184 \u2013 Lagomar (Parque de Tubos), Maca\u00e9\/RJ<\/li>\n\n\n\n<li><strong>Telefone:<\/strong> (22) 2791-9321 \/ 2773-6514<\/li>\n\n\n\n<li><strong>Site:<\/strong> <a href=\"https:\/\/www.bakerhughes.com\/\">www.bakerhughes.com<\/a><\/li>\n<\/ul>\n<\/li>\n\n\n\n<li><strong>Belov Engenharia<\/strong>\n<ul class=\"wp-block-list\">\n<li><strong>Segmento:<\/strong> Engenharia e constru\u00e7\u00e3o industrial<\/li>\n\n\n\n<li><strong>Endere\u00e7o:<\/strong> Avenida Prefeito Aristeu Ferreira da Silva, 2045 \u2013 Novo Cavaleiros, Maca\u00e9\/RJ<\/li>\n\n\n\n<li><strong>Telefone:<\/strong> (22) 2773-5065<\/li>\n\n\n\n<li><strong>Site:<\/strong> <a href=\"https:\/\/www.belov.com.br\/\">www.belov.com.br<\/a><\/li>\n<\/ul>\n<\/li>\n\n\n\n<li><strong>BJ Tubular Services<\/strong>\n<ul class=\"wp-block-list\">\n<li><strong>Segmento:<\/strong> Servi\u00e7os de tubos para a ind\u00fastria de \u00f3leo e g\u00e1s<\/li>\n\n\n\n<li><strong>Endere\u00e7o:<\/strong> Avenida Prefeito Aristeu Ferreira da Silva, 2305 \u2013 Cavaleiros, Maca\u00e9\/RJ<\/li>\n\n\n\n<li><strong>Telefone:<\/strong> (22) 2773-5913<\/li>\n\n\n\n<li><strong>Site:<\/strong> <a href=\"https:\/\/www.bjtubular.com\/\">www.bjtubular.com<\/a><\/li>\n<\/ul>\n<\/li>\n\n\n\n<li><strong>BONN<\/strong>\n<ul class=\"wp-block-list\">\n<li><strong>Segmento:<\/strong> Produtos qu\u00edmicos e servi\u00e7os para limpeza industrial<\/li>\n\n\n\n<li><strong>Endere\u00e7o:<\/strong> Rua Ot\u00e1vio Laurindo de Azevedo, 534 \u2013 Praia Campista, Maca\u00e9\/RJ<\/li>\n\n\n\n<li><strong>Telefone:<\/strong> (22) 2762-6225<\/li>\n\n\n\n<li><strong>Site:<\/strong> <a href=\"https:\/\/www.bonn.com.br\/\">www.bonn.com.br<\/a><\/li>\n<\/ul>\n<\/li>\n\n\n\n<li><strong>Brastech<\/strong>\n<ul class=\"wp-block-list\">\n<li><strong>Segmento:<\/strong> Solu\u00e7\u00f5es tecnol\u00f3gicas e de automa\u00e7\u00e3o<\/li>\n\n\n\n<li><strong>Endere\u00e7o:<\/strong> Avenida Prefeito Aristeu Ferreira da Silva, 1825 \u2013 Novo Cavaleiros, Maca\u00e9\/RJ<\/li>\n\n\n\n<li><strong>Telefone:<\/strong> (22) 2105-0850<\/li>\n\n\n\n<li><strong>Site:<\/strong> <a href=\"https:\/\/www.brastech.com.br\/\">www.brastech.com.br<\/a><\/li>\n<\/ul>\n<\/li>\n\n\n\n<li><strong>Brascabo<\/strong>\n<ul class=\"wp-block-list\">\n<li><strong>Segmento:<\/strong> Fabrica\u00e7\u00e3o e comercializa\u00e7\u00e3o de cabos para o setor de energia<\/li>\n\n\n\n<li><strong>Endere\u00e7o:<\/strong> Rodovia Amaral Peixoto, km 177.5 \u2013 Barra de Maca\u00e9, Maca\u00e9\/RJ<\/li>\n\n\n\n<li><strong>Telefone:<\/strong> (22) 2772-3575<\/li>\n\n\n\n<li><strong>Site:<\/strong> <a href=\"https:\/\/www.brascabo.com.br\/\">www.brascabo.com.br<\/a><\/li>\n<\/ul>\n<\/li>\n\n\n\n<li><strong>Brasdril Sociedade de Perfura\u00e7\u00e3o Ltda<\/strong>\n<ul class=\"wp-block-list\">\n<li><strong>Segmento:<\/strong> Perfura\u00e7\u00e3o e servi\u00e7os para plataformas de petr\u00f3leo<\/li>\n\n\n\n<li><strong>Endere\u00e7o:<\/strong> Rua Tenente C\u00e9lio, 185 \u2013 Novo Cavaleiros, Maca\u00e9\/RJ<\/li>\n\n\n\n<li><strong>Telefone:<\/strong> (22) 2791-8200<\/li>\n\n\n\n<li><strong>Site:<\/strong> <a href=\"https:\/\/www.brasdril.com\/\">www.brasdril.com<\/a><\/li>\n<\/ul>\n<\/li>\n\n\n\n<li><strong>CBO<\/strong>\n<ul class=\"wp-block-list\">\n<li><strong>Segmento:<\/strong> Servi\u00e7os mar\u00edtimos e transporte para a ind\u00fastria de \u00f3leo e g\u00e1s<\/li>\n\n\n\n<li><strong>Endere\u00e7o:<\/strong> Rua Fernando dos Santos, n\u00ba 132 \u2013 Barra, Maca\u00e9\/RJ<\/li>\n\n\n\n<li><strong>Telefone:<\/strong> (22) 2772-7070<\/li>\n\n\n\n<li><strong>Site:<\/strong> <a href=\"https:\/\/www.cbo.com.br\/\">www.cbo.com.br<\/a><\/li>\n<\/ul>\n<\/li>\n\n\n\n<li><strong>Halliburton<\/strong>\n<ul class=\"wp-block-list\">\n<li><strong>Segmento:<\/strong> Servi\u00e7os e produtos para o setor de energia, \u00f3leo e g\u00e1s<\/li>\n\n\n\n<li><strong>Endere\u00e7o:<\/strong> Avenida Prefeito Aristeu Ferreira da Silva, 1000 \u2013 Maca\u00e9\/RJ<\/li>\n\n\n\n<li><strong>Telefone:<\/strong> (22) 2791-4747 \/ 2773-0900<\/li>\n\n\n\n<li><strong>Site:<\/strong> <a href=\"https:\/\/www.halliburton.com\/\">www.halliburton.com<\/a><\/li>\n<\/ul>\n<\/li>\n<\/ol>\n\n\n\n<hr class=\"wp-block-separator has-alpha-channel-opacity\"\/>\n\n\n\n<p>Se precisar de mais atualiza\u00e7\u00f5es ou novas inclus\u00f5es, \u00e9 s\u00f3 avisar! \ud83d\ude80<br><\/p>\n\n\n\n<ol class=\"wp-block-list\"><\/ol>\n","protected":false},"excerpt":{"rendered":"<p>Rela\u00e7\u00e3o de Empresas em Maca\u00e9 \/ RJ Aqui est\u00e1 a lista de empresas de Maca\u00e9\/RJ, com endere\u00e7os e sites: Lista [&hellip;]<\/p>\n","protected":false},"author":2,"featured_media":0,"parent":246,"menu_order":1,"comment_status":"closed","ping_status":"closed","template":"","meta":{"site-sidebar-layout":"default","site-content-layout":"default","ast-site-content-layout":"default","site-content-style":"default","site-sidebar-style":"default","ast-global-header-display":"","ast-banner-title-visibility":"","ast-main-header-display":"","ast-hfb-above-header-display":"","ast-hfb-below-header-display":"","ast-hfb-mobile-header-display":"","site-post-title":"","ast-breadcrumbs-content":"","ast-featured-img":"","footer-sml-layout":"","ast-disable-related-posts":"","theme-transparent-header-meta":"default","adv-header-id-meta":"","stick-header-meta":"","header-above-stick-meta":"","header-main-stick-meta":"","header-below-stick-meta":"","astra-migrate-meta-layouts":"set","ast-page-background-enabled":"default","ast-page-background-meta":{"desktop":{"background-color":"var(--ast-global-color-4)","background-image":"","background-repeat":"repeat","background-position":"center center","background-size":"auto","background-attachment":"scroll","background-type":"","background-media":"","overlay-type":"","overlay-color":"","overlay-opacity":"","overlay-gradient":""},"tablet":{"background-color":"","background-image":"","background-repeat":"repeat","background-position":"center center","background-size":"auto","background-attachment":"scroll","background-type":"","background-media":"","overlay-type":"","overlay-color":"","overlay-opacity":"","overlay-gradient":""},"mobile":{"background-color":"","background-image":"","background-repeat":"repeat","background-position":"center center","background-size":"auto","background-attachment":"scroll","background-type":"","background-media":"","overlay-type":"","overlay-color":"","overlay-opacity":"","overlay-gradient":""}},"ast-content-background-meta":{"desktop":{"background-color":"var(--ast-global-color-5)","background-image":"","background-repeat":"repeat","background-position":"center center","background-size":"auto","background-attachment":"scroll","background-type":"","background-media":"","overlay-type":"","overlay-color":"","overlay-opacity":"","overlay-gradient":""},"tablet":{"background-color":"var(--ast-global-color-5)","background-image":"","background-repeat":"repeat","background-position":"center center","background-size":"auto","background-attachment":"scroll","background-type":"","background-media":"","overlay-type":"","overlay-color":"","overlay-opacity":"","overlay-gradient":""},"mobile":{"background-color":"var(--ast-global-color-5)","background-image":"","background-repeat":"repeat","background-position":"center center","background-size":"auto","background-attachment":"scroll","background-type":"","background-media":"","overlay-type":"","overlay-color":"","overlay-opacity":"","overlay-gradient":""}},"footnotes":""},"class_list":["post-283","page","type-page","status-publish","hentry"],"_links":{"self":[{"href":"https:\/\/guianf.com.br\/empregos\/wp-json\/wp\/v2\/pages\/283","targetHints":{"allow":["GET"]}}],"collection":[{"href":"https:\/\/guianf.com.br\/empregos\/wp-json\/wp\/v2\/pages"}],"about":[{"href":"https:\/\/guianf.com.br\/empregos\/wp-json\/wp\/v2\/types\/page"}],"author":[{"embeddable":true,"href":"https:\/\/guianf.com.br\/empregos\/wp-json\/wp\/v2\/users\/2"}],"replies":[{"embeddable":true,"href":"https:\/\/guianf.com.br\/empregos\/wp-json\/wp\/v2\/comments?post=283"}],"version-history":[{"count":4,"href":"https:\/\/guianf.com.br\/empregos\/wp-json\/wp\/v2\/pages\/283\/revisions"}],"predecessor-version":[{"id":7578,"href":"https:\/\/guianf.com.br\/empregos\/wp-json\/wp\/v2\/pages\/283\/revisions\/7578"}],"up":[{"embeddable":true,"href":"https:\/\/guianf.com.br\/empregos\/wp-json\/wp\/v2\/pages\/246"}],"wp:attachment":[{"href":"https:\/\/guianf.com.br\/empregos\/wp-json\/wp\/v2\/media?parent=283"}],"curies":[{"name":"wp","href":"https:\/\/api.w.org\/{rel}","templated":true}]}}