{"id":286,"date":"2012-07-19T14:05:35","date_gmt":"2012-07-19T14:05:35","guid":{"rendered":"http:\/\/www.guianf.com.br\/?page_id=286"},"modified":"2024-10-09T21:09:25","modified_gmt":"2024-10-10T00:09:25","slug":"agencias-de-emprego","status":"publish","type":"page","link":"https:\/\/guianf.com.br\/empregos\/relacao-de-empresas\/agencias-de-emprego\/","title":{"rendered":"Ag\u00eancias de Emprego"},"content":{"rendered":"<p><strong>Rela\u00e7\u00e3o de Ag\u00eancia de RH:<\/strong><\/p>\n<ul>\n<li><strong><a title=\"Ag\u00eancia de RH de Campos dos Goytacazes\" href=\"http:\/\/www.guianf.com.br\/empregos\/agencia-de-rh\/campos-dos-goytacazes\/\">Campos<\/a><\/strong><\/li>\n<li><strong><a title=\"Ag\u00eancia de RH de Maca\u00e9\/RJ\" href=\"http:\/\/www.guianf.com.br\/empregos\/agencia-de-rh\/macae\/\">Maca\u00e9<\/a><\/strong><\/li>\n<\/ul>\n","protected":false},"excerpt":{"rendered":"<p>Rela\u00e7\u00e3o de Ag\u00eancia de RH: Campos Maca\u00e9<\/p>\n","protected":false},"author":2,"featured_media":0,"parent":246,"menu_order":5,"comment_status":"closed","ping_status":"closed","template":"","meta":{"site-sidebar-layout":"default","site-content-layout":"default","ast-site-content-layout":"default","site-content-style":"default","site-sidebar-style":"default","ast-global-header-display":"","ast-banner-title-visibility":"","ast-main-header-display":"","ast-hfb-above-header-display":"","ast-hfb-below-header-display":"","ast-hfb-mobile-header-display":"","site-post-title":"","ast-breadcrumbs-content":"","ast-featured-img":"","footer-sml-layout":"","ast-disable-related-posts":"","theme-transparent-header-meta":"default","adv-header-id-meta":"","stick-header-meta":"","header-above-stick-meta":"","header-main-stick-meta":"","header-below-stick-meta":"","astra-migrate-meta-layouts":"default","ast-page-background-enabled":"default","ast-page-background-meta":{"desktop":{"background-color":"var(--ast-global-color-4)","background-image":"","background-repeat":"repeat","background-position":"center center","background-size":"auto","background-attachment":"scroll","background-type":"","background-media":"","overlay-type":"","overlay-color":"","overlay-opacity":"","overlay-gradient":""},"tablet":{"background-color":"","background-image":"","background-repeat":"repeat","background-position":"center center","background-size":"auto","background-attachment":"scroll","background-type":"","background-media":"","overlay-type":"","overlay-color":"","overlay-opacity":"","overlay-gradient":""},"mobile":{"background-color":"","background-image":"","background-repeat":"repeat","background-position":"center center","background-size":"auto","background-attachment":"scroll","background-type":"","background-media":"","overlay-type":"","overlay-color":"","overlay-opacity":"","overlay-gradient":""}},"ast-content-background-meta":{"desktop":{"background-color":"var(--ast-global-color-5)","background-image":"","background-repeat":"repeat","background-position":"center center","background-size":"auto","background-attachment":"scroll","background-type":"","background-media":"","overlay-type":"","overlay-color":"","overlay-opacity":"","overlay-gradient":""},"tablet":{"background-color":"var(--ast-global-color-5)","background-image":"","background-repeat":"repeat","background-position":"center center","background-size":"auto","background-attachment":"scroll","background-type":"","background-media":"","overlay-type":"","overlay-color":"","overlay-opacity":"","overlay-gradient":""},"mobile":{"background-color":"var(--ast-global-color-5)","background-image":"","background-repeat":"repeat","background-position":"center center","background-size":"auto","background-attachment":"scroll","background-type":"","background-media":"","overlay-type":"","overlay-color":"","overlay-opacity":"","overlay-gradient":""}},"footnotes":""},"class_list":["post-286","page","type-page","status-publish","hentry"],"_links":{"self":[{"href":"https:\/\/guianf.com.br\/empregos\/wp-json\/wp\/v2\/pages\/286","targetHints":{"allow":["GET"]}}],"collection":[{"href":"https:\/\/guianf.com.br\/empregos\/wp-json\/wp\/v2\/pages"}],"about":[{"href":"https:\/\/guianf.com.br\/empregos\/wp-json\/wp\/v2\/types\/page"}],"author":[{"embeddable":true,"href":"https:\/\/guianf.com.br\/empregos\/wp-json\/wp\/v2\/users\/2"}],"replies":[{"embeddable":true,"href":"https:\/\/guianf.com.br\/empregos\/wp-json\/wp\/v2\/comments?post=286"}],"version-history":[{"count":1,"href":"https:\/\/guianf.com.br\/empregos\/wp-json\/wp\/v2\/pages\/286\/revisions"}],"predecessor-version":[{"id":7346,"href":"https:\/\/guianf.com.br\/empregos\/wp-json\/wp\/v2\/pages\/286\/revisions\/7346"}],"up":[{"embeddable":true,"href":"https:\/\/guianf.com.br\/empregos\/wp-json\/wp\/v2\/pages\/246"}],"wp:attachment":[{"href":"https:\/\/guianf.com.br\/empregos\/wp-json\/wp\/v2\/media?parent=286"}],"curies":[{"name":"wp","href":"https:\/\/api.w.org\/{rel}","templated":true}]}}